{"id":1315,"date":"2015-03-31T03:22:52","date_gmt":"2015-03-31T03:22:52","guid":{"rendered":"http:\/\/5.196.224.66\/?page_id=1315"},"modified":"2017-01-05T10:20:53","modified_gmt":"2017-01-05T10:20:53","slug":"note-legali","status":"publish","type":"page","link":"http:\/\/www.animaguzzista.com\/?page_id=1315","title":{"rendered":"Note legali"},"content":{"rendered":"<p>1. il Sito Web raggiungibile attraverso gli indirizzi www.animaguzzista.com e www.guzzisti.it (&#8220;Sito Web&#8221;) \u00e8 il Sito ufficiale della A.S.D. Anima Guzzista. \u00c8 nato il giorno 7 marzo 2001 ed \u00e8 di propriet\u00e0 della A.S.D. Anima Guzzista. Il logo ed il nome Anima Guzzista sono registrati e di propriet\u00e0 della A.S.D. Anima Guzzista. Anima Guzzista \u00e8 una Associazione Sportiva Dilettantistica senza fini di lucro completamente independente dalla Moto Guzzi SpA. Tutti i contenuti di testo, grafica e altro che appaiono nel Sito Web sono propriet\u00e0 della A.S.D. Anima Guzzista, eccetto ove diversamente indicato. I gestori del Sito Web sono raggiungibili attraverso la email: staff(at)animaguzzista.com<\/p>\n<p>2. Entrando in questo Sito Web voi dichiarate di comprendere e di accettare TUTTE le clausole e le condizioni qui elencate. Se non comprendete o non accettate tali clausole e condizioni, non utilizzate questo Sito Web.<\/p>\n<p>3. Siete autorizzati a visionare, copiare, stampare e utilizzare il contenuto di questo Sito Web soltanto per vostro uso personale e fatto salvo quanto segue:<br \/>\n&#8211; Testi, grafica, foto o altro disponibile in questo Sito Web non devono essere utilizzati, copiati o distribuiti senza l&#8217;autorizzazione della A.S.D. Anima Guzzista. Nulla di quanto \u00e8 contenuto qui sar\u00e0 da intendersi come implicita o esplicita concessione o licenza di un qualsivoglia diritto ad utilizzare qualunque testo o immagine o altra propriet\u00e0 intellettuale della A.S.D. Anima Guzzista.<\/p>\n<p>4. Ogni riferimento a prodotti, procedimenti, pubblicazioni, servizi o offerte di terzi indicati per mezzo di nome commerciale, di marchio registrato, come fabbricante o altro non significa n\u00e9 implica necessariamente che gli stessi siano approvati o suggeriti dalla A.S.D. Anima Guzzista. Nomi, Marchi e denominazioni di prodotti e aziende utilizzati all&#8217;interno di questo sito appartengono ai legittimi proprietari.<\/p>\n<p>5. Il Sito Web occasionalmente pu\u00f2 risultare parzialmente o totalmente non disponibile, a causa di malfunzionamenti meccanici, di telecomunicazione, di software, di hardware e a causa di terzi fornitori di beni o servizi. La A.S.D. Anima Guzzista non \u00e8 in grado di prevedere n\u00e9 di controllare il momento in cui si verificano tali tempi di arresto e non \u00e8 in grado di regolarne la durata. La A.S.D. Anima Guzzista quindi non \u00e8 responsabile di eventuali danni, infortuni o di qualsivoglia altra perdita derivante da tale mancata disponibilit\u00e0 del Sito Web.<\/p>\n<p>6. La A.S.D. Anima Guzzista cercher\u00e0 di garantire la precisione e la completezza delle informazioni fornite su questo Sito Web, nonch\u00e9 dei relativi documenti; A.S.D. Anima Guzzista tuttavia non \u00e8 responsabile di errori di stampa, informazioni superate, imprecisioni tecniche o di prezzo, errori tipografici o di altro tipo che compaiono nel Sito Web. Le informazioni e i relativi documenti possono essere modificati senza preavviso. A.S.D. Anima Guzzista pu\u00f2 cessare o sospendere l&#8217;accesso degli utenti a questo Sito Web o a parte di esso in qualunque momento, senza preavviso e per qualunque motivo.<\/p>\n<p>7. Il Sito Web e tutte le informazioni e i documenti correlati in esso contenuti vengono proposti &#8220;cos\u00ec come sono&#8221;. A.S.D. Anima Guzzista non dichiara n\u00e9 garantisce la completezza, la precisione, l&#8217;aggiornamento, l&#8217;adeguatezza, l&#8217;appropriatezza, la funzionalit\u00e0, la disponibilit\u00e0 o il funzionamento del Sito Web o delle informazioni o dei documenti contenuti nel Sito Web. Utilizzando questo Sito Web vi assumete il rischio che le informazioni e i documenti qui contenuti possano essere incompleti, imprecisi, superati, o che possano non rispondere alle vostre necessit\u00e0 e alle vostre esigenze.<\/p>\n<p>Tenete presente che alcune delle informazioni contenute in questo sito ( in particolar modo le informazioni e i report dalle piste ) si riferiscono a situazioni ad alto rischio e\/o a professionisti in condizioni rigorosamente controllate.<\/p>\n<p>LA A.S.D. ANIMA GUZZISTA, I SUOI AMMINISTRATORI E I COLLABORATORI NON SARANNO IN ALCUN CASO RESPONSABILI DI EVENTUALI INFORTUNI, PERDITE, RIVENDICAZIONI, DANNI CONSEGUENTI O INDIRETTI DI QUALUNQUE TIPO, BASATI SU CONTRATTO, SU ILLECITO O ALTRO, I QUALI DERIVINO DA O SIANO IN QUALUNQUE MODO COLLEGATI CON QUALUNQUE UTILIZZO DI QUESTO SITO WEB O DEI PRODOTTI CONTENUTI NELLO STESSO, ANCHE NEL CASO IN CUI LA A.S.D. ANIMA GUZZISTA SIA STATA AVVISATA DELLA POSSIBILIT\u00c0 DI TALI DANNI.<\/p>\n<p>8. Questo Sito Web contiene collegamenti ipertestuali (links) ad altri siti World Wide Web che sono del tutto indipendenti da questo Sito Web e dalla A.S.D. Anima Guzzista. La A.S.D. Anima Guzzista non afferma e non garantisce nulla in merito a precisione, completezza o autenticit\u00e0 delle informazioni contenute in tali collegamenti ipertestuali; parimenti, nessun eventuale collegamento ipertestuale ad un&#8217;altra persona od organismo sar\u00e0 da intendersi come un&#8217;approvazione da parte della A.S.D. Anima Guzzista del sito World Wide Web, dei prodotti, dei servizi, delle azioni, delle omissioni e delle dichiarazioni di tale persona od organismo. IL COLLEGAMENTO DA VOI EFFETTUATO A QUALUNQUE ALTRA PAGINA ESTERNA AL SITO O A UN ALTRO SITO \u00c8 A VOSTRO RISCHIO. La A.S.D. Anima Guzzista non garantisce la confidenzialit\u00e0 dell&#8217;uso che voi fate di questo Sito Web, n\u00e9 sar\u00e0 da ritenersi responsabile di eventuali inconvenienti subiti da voi o da qualunque persona come conseguenza della violazione della riservatezza in riferimento all&#8217;utilizzo da parte vostra di questo Sito Web o di eventuali informazioni da voi trasmesse a questo Sito Web.<\/p>\n<p>9. Questo Sito Web pu\u00f2 contenere collegamenti verso siti World Wide Web contenenti a loro volta collegamenti attraverso i quali \u00e8 possibile accedere a questo Sito Web. Anche in questo caso si tratta di soggetti autonomi; non sono agenti n\u00e9 dipendenti n\u00e9 impiegati della A.S.D. Anima Guzzista. La A.S.D. Anima Guzzista non \u00e9 responsabile dei contenuti, della disponibilit\u00e0, del funzionamento e della resa di qualsivoglia altro sito con cui questo Sito Web possa avere dei collegamenti o dal quale sia possibile accedere a questo Sito Web.<\/p>\n<p>10. L&#8217;utente del sito web si impegna a non inviare a questo Sito Web alcun materiale pornografico, osceno, profanatorio, diffamatorio, calunnioso, proferente minacce, illegale o altro materiale che potrebbe costituire o incoraggiare un comportamento tale da costituire un crimine, dar luogo ad una responsabilit\u00e0 civile o violare in altro modo la legge. Nonostante il fatto che la A.S.D. Anima Guzzista o altre parti coinvolte nella creazione, produzione o pubblicazione di questo Sito Web controllino o rivedano gli articoli, le discussioni e le mailing lists, la A.S.D. Anima Guzzista e tutte le parti coinvolte nella creazione, produzione o pubblicazione di questo Sito Web non si assumono alcuna responsabilit\u00e0 n\u00e9 alcun impegno che possa derivare dal contenuto di questo sito, ivi comprese, ma non limitatamente ad esse, le rivendicazioni per calunnia, diffamazione, maldicenza, oscenit\u00e0, pornografia, bestemmia, dichiarazione falsa o frode.<\/p>\n<p>11. Nel caso in cui un utente di questo Sito Web invii delle osservazioni o dei dati, per esempio idee, commenti, suggerimenti o domande in merito a qualunque prodotto o servizio della Associazione Sportiva Dilettantistica Anima Guzzista o al contenuto di questo Sito Web, tali informazioni saranno considerate NON RISERVATE.<br \/>\nLa A.S.D. Anima Guzzista non avr\u00e0 alcun obbligo di riservatezza in riferimento a tali informazioni; La A.S.D. Anima Guzzista avr\u00e0 la facolt\u00e0 di riprodurre, utilizzare, rivelare e distribuire le informazioni ad altri, senza limitazioni di sorta. Inoltre, la A.S. Anima Guzzista avr\u00e0 la facolt\u00e0 di utilizzare qualunque testo, immagine, idea, concetto, know-how o tecnica contenuta in tali informazioni per qualsivoglia scopo, ivi inclusi, ma non limitatamente ad essi, la redazione di articoli, libri, supporti audiovisivi (es: CD, DVD, etc) senza che vi siano diritti, privilegi o pagamenti dovuti a qualsiasi terza parte.<br \/>\nL&#8217;invio di contributi al sito, sotto forma di invio di testi fotografie, video, etc implica di fatto l&#8217;autorizzazione a riprodurli e ad utilizzarli liberamente anche in altre forme. Gli autori dei contributi manlevano l&#8217;Associazione Sportiva Dilettantistica Anima Guzzista da ogni responsabilit\u00e0 in relazione a qualsiasi contestazione che dovesse sorgere in dipendenza dalla pubblicazione dei suddetti materiali.<br \/>\nLa partecipazione ai forum di discussione e alle mailing lists presenti nel Sito Web \u00e8 libera, volontaria e non passibile di qualsivoglia forma di rivalsa.<br \/>\nChiunque invii od offra materiale attraverso il forum e le mailing lists accetta integralmente questo principio e rinuncia implicitamente a qualsiasi azione.<br \/>\nI forum e le mailing lists hanno un loro regolamento che l\u2019utente accetta integralmente al momento dell&#8217;iscrizione. La A.S.D. Anima Guzzista si riserva il diritto di funzioni di moderazione a proprio unico ed insindacabile giudizio.<br \/>\n12. Queste clausole verranno regolate ed interpretate in conformit\u00e0 con la legge italiana. Eventuali controversie relative a tali clausole saranno soggette alla giurisdizione esclusiva del Foro di Bergamo, Italia. Utilizzando questo Sito Web, vi sottomettete alla giurisdizione di tale tribunale per gli scopi sopra detti e rinunciate a tutte le obiezioni in merito alla giurisdizione o alla sede della causa in tale tribunale.<br \/>\n13. Informativa sul trattamento dei dati personali ai sensi dell\u2019art. 13 del D. Lgs. 196 del 30 giugno 2003 (Testo Unico sulla Privacy) : i dati personali anagrafici e fiscali acquisiti direttamente e\/o tramite terzi dall&#8217;Associazione Sportiva Dilettantistica Anima Guzzista, titolare del trattamento, vengono trattati in forma cartacea, informatica o telematica per esigenze contrattuali e di legge.<br \/>\nChi interessato potr\u00e0 esercitare tutti i diritti di cui all\u2019art. 7 del d.lgs.vo n. 196\/2003 (tra cui i diritti di accesso, rettifica, aggiornamento, di opposizione al trattamento e di cancellazione).<\/p>\n","protected":false},"excerpt":{"rendered":"<p>1. il Sito Web raggiungibile attraverso gli indirizzi www.animaguzzista.com e www.guzzisti.it (&#8220;Sito Web&#8221;) \u00e8 il Sito ufficiale della A.S.D. Anima Guzzista. \u00c8 nato il giorno 7 marzo 2001 ed \u00e8 di propriet\u00e0 della A.S.D. Anima Guzzista. Il logo ed il nome Anima Guzzista sono registrati e di propriet\u00e0 della A.S.D. Anima Guzzista. Anima Guzzista \u00e8 [&hellip;]<\/p>\n","protected":false},"author":1,"featured_media":0,"parent":0,"menu_order":0,"comment_status":"closed","ping_status":"closed","template":"","meta":{"ngg_post_thumbnail":0,"footnotes":""},"_links":{"self":[{"href":"http:\/\/www.animaguzzista.com\/index.php?rest_route=\/wp\/v2\/pages\/1315"}],"collection":[{"href":"http:\/\/www.animaguzzista.com\/index.php?rest_route=\/wp\/v2\/pages"}],"about":[{"href":"http:\/\/www.animaguzzista.com\/index.php?rest_route=\/wp\/v2\/types\/page"}],"author":[{"embeddable":true,"href":"http:\/\/www.animaguzzista.com\/index.php?rest_route=\/wp\/v2\/users\/1"}],"replies":[{"embeddable":true,"href":"http:\/\/www.animaguzzista.com\/index.php?rest_route=%2Fwp%2Fv2%2Fcomments&post=1315"}],"version-history":[{"count":1,"href":"http:\/\/www.animaguzzista.com\/index.php?rest_route=\/wp\/v2\/pages\/1315\/revisions"}],"predecessor-version":[{"id":1316,"href":"http:\/\/www.animaguzzista.com\/index.php?rest_route=\/wp\/v2\/pages\/1315\/revisions\/1316"}],"wp:attachment":[{"href":"http:\/\/www.animaguzzista.com\/index.php?rest_route=%2Fwp%2Fv2%2Fmedia&parent=1315"}],"curies":[{"name":"wp","href":"https:\/\/api.w.org\/{rel}","templated":true}]}}